{"id":280,"date":"2021-10-11T13:22:53","date_gmt":"2021-10-11T11:22:53","guid":{"rendered":"http:\/\/amandairiarte.com\/?page_id=280"},"modified":"2024-09-26T21:32:00","modified_gmt":"2024-09-26T19:32:00","slug":"qui-suis-je","status":"publish","type":"page","link":"https:\/\/amandairiarte.com\/index.php\/qui-suis-je\/","title":{"rendered":"Qui est Amanda Iriarte?"},"content":{"rendered":"\n<div class=\"wp-block-image\"><figure class=\"alignright size-full is-resized\"><img loading=\"lazy\" src=\"https:\/\/amandairiarte.com\/wp-content\/uploads\/2021\/10\/IMG_20210926_214648.jpg\" alt=\"\" class=\"wp-image-286\" width=\"168\" height=\"225\" srcset=\"https:\/\/amandairiarte.com\/wp-content\/uploads\/2021\/10\/IMG_20210926_214648.jpg 1611w, https:\/\/amandairiarte.com\/wp-content\/uploads\/2021\/10\/IMG_20210926_214648-224x300.jpg 224w, https:\/\/amandairiarte.com\/wp-content\/uploads\/2021\/10\/IMG_20210926_214648-766x1024.jpg 766w, https:\/\/amandairiarte.com\/wp-content\/uploads\/2021\/10\/IMG_20210926_214648-768x1027.jpg 768w, https:\/\/amandairiarte.com\/wp-content\/uploads\/2021\/10\/IMG_20210926_214648-1148x1536.jpg 1148w, https:\/\/amandairiarte.com\/wp-content\/uploads\/2021\/10\/IMG_20210926_214648-1531x2048.jpg 1531w\" sizes=\"(max-width: 168px) 100vw, 168px\" \/><\/figure><\/div>\n\n\n\n<p class=\"has-vivid-purple-color has-text-color\" style=\"font-size:30px\"><strong>Amanda Iriarte<\/strong><\/p>\n\n\n\n<p class=\"has-vivid-purple-color has-text-color has-normal-font-size\">&#8211; Com\u00e9dienne et Metteur en Sc\u00e8ne                                                                                                                     &#8211; Formatrice et Directrice d&rsquo;ateliers artistiques                                                                                                         &#8211; Facilitatrice en d\u00e9veloppement de nouvelles comp\u00e9tences individuelles et collectives                                                                                                                                                                                                                               <\/p>\n\n\n\n<p class=\"has-text-align-left\"> <em>\u201cLe th\u00e9\u00e2tre invite \u00e0 une expression v\u00e9ritable de soi, par une approche globale de l&rsquo;individu qui engage le corps, le c\u0153ur et l&rsquo;esprit&#8230;C&rsquo;est ce qui m&rsquo;a permis d\u2019accueillir qui je suis, dans toutes mes facettes et de l&rsquo;assumer pleinement\u201d <\/em><\/p>\n\n\n\n<p class=\"has-text-align-left\">Amanda rencontre le th\u00e9\u00e2tre \u00e0 l&rsquo;\u00e2ge de 17 ans, qui devient tr\u00e8s vite une passion.  A 21 ans elle change de r\u00e9gion, part pour des \u00e9tudes de psychologie et ce n&rsquo;est qu&rsquo;\u00e0 l&rsquo;\u00e2ge de 36 ans que le th\u00e9\u00e2tre se \u00ab\u00a0r\u00e9invite\u00a0\u00bb dans sa vie. Elle d\u00e9cide alors d&rsquo;en faire son m\u00e9tier, d&rsquo;abord en tant que com\u00e9dienne. Elle se forme \u00e0 la m\u00e9thode Stanislavski et au training d\u2019acteur aupr\u00e8s de Pierrette Dupoyet \u00e0 Paris et Sylvain Vigouroux \u00e0 Nantes et tr\u00e8s vite, l&rsquo;envie de transmettre cet art devient une \u00e9vidence.  En 2015 elle se forme au th\u00e9\u00e2tre social et au Clown avec G\u00e9rard Gallego du Th\u00e9\u00e2tre \u00ab\u00a0Instant Pr\u00e9sent\u00a0\u00bb \u00e0 Vincennes, qu&rsquo;elle assiste r\u00e9guli\u00e8rement dans le cadre de formations \u00ab\u00a0Animer un atelier th\u00e9\u00e2tre dans un cadre \u00e9ducatif et social\u00a0\u00bb pour des personnels du milieu de la sant\u00e9 et socio-\u00e9ducatif.<br>En tant que com\u00e9dienne, elle jouera en maison d\u2019arr\u00eat et dans diverses structures \u00e9ducatives et culturelles (\u00e9coles, m\u00e9diath\u00e8ques, maison pour jeunes) et participera au festival off d&rsquo;Avignon en 2018*.<br>Entre 2016 et 2024, Amanda a cr\u00e9e plus de 20 spectacles avec des publics tr\u00e8s vari\u00e9s (personnes en situation de handicap, en r\u00e9insertion sociale et professionnelle, pour des scolaires, enfants, adolescents, adultes, seniors, groupe de femmes\u2026). Actuellement elle m\u00e8ne des ateliers pour enfants et adultes dans un cadre associatif \u00e0 Juran\u00e7on. Elle accompagne les scolaires et les enseignants dans le cadre de projets p\u00e9dagogiques (Ecole Louis Barthou \u00e0 Juran\u00e7on, Ecole du Bourg \u00e0 Gelos, Ecole des 4 Coins du Monde \u00e0 Pau). Pendant 2 ans elle a \u00e9t\u00e9 en charge du volet culture dans le cadre du dispositif CLAS sur la commune de Juran\u00e7on, aupr\u00e8s d&rsquo;enfants en difficult\u00e9 scolaire, comportementale et\/ou sociale et a \u00e9galement collabor\u00e9 avec APS \u00e0 Pau dans l&rsquo;accompagnement de personnes en r\u00e9insertion professionnelle. Elle anime des stages, et ponctuellement en partenariat avec d&rsquo;autres artistes ou dans le cadre de projets socio-culturels (r\u00e9cemment avec la commune de Bill\u00e8re autour du transg\u00e9n\u00e9rationnel).<br>C&rsquo;est une artiste qui n&rsquo;a de cesse de se nourrir par ailleurs d&rsquo;autres arts comme le Qi Gong, le chant psychophonique et la danse intuitive, et de s&rsquo;initier \u00e0 des disciplines parall\u00e8les \u00e0 son approche artistique, telles que la danse-th\u00e9rapie et l&rsquo;art-th\u00e9rapie.<br>Elle a \u00e9tudi\u00e9 2 ans \u00e0 l\u2019Universit\u00e9 de Psychologie de San Sebastian (Espagne) et s&rsquo;est ensuite form\u00e9e \u00e0 la m\u00e9thode ESPERE\u00ae (J. Salom\u00e9). Elle a exerc\u00e9 en tant que consultante et formatrice en communication relationnelle. Elle compl\u00e8tera son cursus de formation en gestion \u00e9motionnelle et hypnose Ericksonienne en 2021.<br>Son accompagnement et son enseignement sont forts de toutes ses exp\u00e9riences, formations et connaissances, ce qui lui permet de proposer des ateliers riches et adapt\u00e9s \u00e0 chaque individu et au collectif.<\/p>\n\n\n\n<p class=\"has-text-align-left\">* \u00ab\u00a0Tant qu\u2019il y aura des coquelicots\u2026\u00a0\u00bb de C. Paill\u00e9 (prix des Petits Moli\u00e8res 2018)<br>\u00ab\u00a0Le Serpent et La Pomme\u00a0\u00bb du m\u00eame auteur (festival Off d\u2019Avignon 2018).<\/p>\n\n\n\n<div class=\"wp-block-group\"><div class=\"wp-block-group__inner-container\">\n<figure class=\"wp-block-image size-large\"><img loading=\"lazy\" width=\"706\" height=\"1024\" src=\"http:\/\/amandairiarte.com\/wp-content\/uploads\/2022\/03\/ARTICLE-AMANDA-JURANCON-706x1024.jpg\" alt=\"\" class=\"wp-image-341\" srcset=\"https:\/\/amandairiarte.com\/wp-content\/uploads\/2022\/03\/ARTICLE-AMANDA-JURANCON-706x1024.jpg 706w, https:\/\/amandairiarte.com\/wp-content\/uploads\/2022\/03\/ARTICLE-AMANDA-JURANCON-207x300.jpg 207w, https:\/\/amandairiarte.com\/wp-content\/uploads\/2022\/03\/ARTICLE-AMANDA-JURANCON-768x1113.jpg 768w, https:\/\/amandairiarte.com\/wp-content\/uploads\/2022\/03\/ARTICLE-AMANDA-JURANCON-1060x1536.jpg 1060w, https:\/\/amandairiarte.com\/wp-content\/uploads\/2022\/03\/ARTICLE-AMANDA-JURANCON-1413x2048.jpg 1413w, https:\/\/amandairiarte.com\/wp-content\/uploads\/2022\/03\/ARTICLE-AMANDA-JURANCON-scaled.jpg 1766w\" sizes=\"(max-width: 706px) 100vw, 706px\" \/><\/figure>\n\n\n\n<p><\/p>\n<\/div><\/div>\n\n\n\n<p><\/p>\n","protected":false},"excerpt":{"rendered":"<p>Amanda Iriarte &#8211; Com\u00e9dienne et Metteur en Sc\u00e8ne &#8211; Formatrice et Directrice d&rsquo;ateliers artistiques &#8211; Facilitatrice en d\u00e9veloppement de nouvelles comp\u00e9tences individuelles et collectives \u201cLe th\u00e9\u00e2tre invite \u00e0 une expression v\u00e9ritable de soi, par une approche globale de l&rsquo;individu qui engage le corps, le c\u0153ur et l&rsquo;esprit&#8230;C&rsquo;est ce qui m&rsquo;a permis d\u2019accueillir qui je suis, &hellip; <\/p>\n<p class=\"link-more\"><a href=\"https:\/\/amandairiarte.com\/index.php\/qui-suis-je\/\" class=\"more-link\">Continuer la lecture<span class=\"screen-reader-text\"> de &laquo;&nbsp;Qui est Amanda Iriarte?&nbsp;&raquo;<\/span><\/a><\/p>\n","protected":false},"author":1,"featured_media":494,"parent":0,"menu_order":0,"comment_status":"closed","ping_status":"closed","template":"","meta":{"_monsterinsights_skip_tracking":false,"_monsterinsights_sitenote_active":false,"_monsterinsights_sitenote_note":"","_monsterinsights_sitenote_category":0},"_links":{"self":[{"href":"https:\/\/amandairiarte.com\/index.php\/wp-json\/wp\/v2\/pages\/280"}],"collection":[{"href":"https:\/\/amandairiarte.com\/index.php\/wp-json\/wp\/v2\/pages"}],"about":[{"href":"https:\/\/amandairiarte.com\/index.php\/wp-json\/wp\/v2\/types\/page"}],"author":[{"embeddable":true,"href":"https:\/\/amandairiarte.com\/index.php\/wp-json\/wp\/v2\/users\/1"}],"replies":[{"embeddable":true,"href":"https:\/\/amandairiarte.com\/index.php\/wp-json\/wp\/v2\/comments?post=280"}],"version-history":[{"count":30,"href":"https:\/\/amandairiarte.com\/index.php\/wp-json\/wp\/v2\/pages\/280\/revisions"}],"predecessor-version":[{"id":581,"href":"https:\/\/amandairiarte.com\/index.php\/wp-json\/wp\/v2\/pages\/280\/revisions\/581"}],"wp:featuredmedia":[{"embeddable":true,"href":"https:\/\/amandairiarte.com\/index.php\/wp-json\/wp\/v2\/media\/494"}],"wp:attachment":[{"href":"https:\/\/amandairiarte.com\/index.php\/wp-json\/wp\/v2\/media?parent=280"}],"curies":[{"name":"wp","href":"https:\/\/api.w.org\/{rel}","templated":true}]}}