{"id":8,"date":"2021-10-11T14:16:37","date_gmt":"2021-10-11T12:16:37","guid":{"rendered":"http:\/\/amandairiarte.com\/?page_id=8"},"modified":"2024-09-26T21:41:06","modified_gmt":"2024-09-26T19:41:06","slug":"accueil","status":"publish","type":"page","link":"https:\/\/amandairiarte.com\/index.php\/accueil\/","title":{"rendered":"A Propos&#8230;"},"content":{"rendered":"<p>Amanda Iriarte a choisi le th\u00e9\u00e2tre comme outil d\u2019accompagnement car il offre un espace d\u2019exploration et de libert\u00e9 qui permet l\u2019expression et la r\u00e9v\u00e9lation de soi. Il est un outil puissant d\u2019\u00e9panouissement personnel enrichi par l\u2019exp\u00e9rience collective qui renforce les comp\u00e9tences sociales et le sentiment d\u2019appartenance.<\/p>\n<p>Les ateliers qu\u2019elle propose ont pour vocation de d\u00e9velopper de nouvelles comp\u00e9tences individuelles et collectives, telles que\u00a0:<\/p>\n<ul>\n<li>Am\u00e9liorer la relation \u00e0 soi et aux autres<\/li>\n<li>D\u00e9velopper ou augmenter la confiance et l\u2019estime de soi<\/li>\n<li>D\u00e9passer ses limites et transformer ses croyances<\/li>\n<li>R\u00e9v\u00e9ler son potentiel de r\u00e9ussite<\/li>\n<li>Mieux appr\u00e9hender les situations et le changement<\/li>\n<li>Mieux g\u00e9rer ses \u00e9motions et les conflits<\/li>\n<li>Se remettre en mouvement<\/li>\n<li>Renforcer ou cr\u00e9er des liens<\/li>\n<li>Prendre plaisir \u00e0 \u00eatre ensemble<\/li>\n<\/ul>\n<p>et s\u2019adressent \u00e0 des publics tr\u00e8s divers.<\/p>\n<p>Les ateliers sont construits \u00e0 partir des techniques th\u00e9\u00e2trales autour du corps, de la voix, du souffle, de l\u2019espace, des jeux d\u2019expression et l\u2019improvisation, auxquels elle ajoute parfois d\u2019autres moyens d\u2019expression artistique comme l\u2019\u00e9criture, le dessin et\/ou la danse. Elle adapte les ateliers \u00e0 son public et \u00e0 leurs besoins.<\/p>\n<p>Sa proposition est le r\u00e9sultat de ses ann\u00e9es de formation dans le domaine de l\u2019art, de la communication relationnelle et le d\u00e9veloppement personnel, de ses exp\u00e9riences en tant que com\u00e9dienne, formatrice et directrice d\u2019ateliers artistiques et metteur en sc\u00e8ne.<\/p>\n\n\n<figure class=\"wp-block-image size-full\"><img loading=\"lazy\" width=\"698\" height=\"664\" src=\"http:\/\/amandairiarte.com\/wp-content\/uploads\/2023\/10\/original_e424b441-8cf2-4aa4-895c-c85076494211_PXL_20230426_175632240.jpg\" alt=\"\" class=\"wp-image-456\" srcset=\"https:\/\/amandairiarte.com\/wp-content\/uploads\/2023\/10\/original_e424b441-8cf2-4aa4-895c-c85076494211_PXL_20230426_175632240.jpg 698w, https:\/\/amandairiarte.com\/wp-content\/uploads\/2023\/10\/original_e424b441-8cf2-4aa4-895c-c85076494211_PXL_20230426_175632240-300x285.jpg 300w\" sizes=\"(max-width: 698px) 100vw, 698px\" \/><\/figure>\n\n\n\n<p><\/p>\n","protected":false},"excerpt":{"rendered":"<p>Amanda Iriarte a choisi le th\u00e9\u00e2tre comme outil d\u2019accompagnement car il offre un espace d\u2019exploration et de libert\u00e9 qui permet l\u2019expression et la r\u00e9v\u00e9lation de soi. Il est un outil puissant d\u2019\u00e9panouissement personnel enrichi par l\u2019exp\u00e9rience collective qui renforce les comp\u00e9tences sociales et le sentiment d\u2019appartenance. Les ateliers qu\u2019elle propose ont pour vocation de d\u00e9velopper &hellip; <\/p>\n<p class=\"link-more\"><a href=\"https:\/\/amandairiarte.com\/index.php\/accueil\/\" class=\"more-link\">Continuer la lecture<span class=\"screen-reader-text\"> de &laquo;&nbsp;A Propos&#8230;&nbsp;&raquo;<\/span><\/a><\/p>\n","protected":false},"author":1,"featured_media":470,"parent":0,"menu_order":0,"comment_status":"closed","ping_status":"closed","template":"","meta":{"_monsterinsights_skip_tracking":false,"_monsterinsights_sitenote_active":false,"_monsterinsights_sitenote_note":"","_monsterinsights_sitenote_category":0},"_links":{"self":[{"href":"https:\/\/amandairiarte.com\/index.php\/wp-json\/wp\/v2\/pages\/8"}],"collection":[{"href":"https:\/\/amandairiarte.com\/index.php\/wp-json\/wp\/v2\/pages"}],"about":[{"href":"https:\/\/amandairiarte.com\/index.php\/wp-json\/wp\/v2\/types\/page"}],"author":[{"embeddable":true,"href":"https:\/\/amandairiarte.com\/index.php\/wp-json\/wp\/v2\/users\/1"}],"replies":[{"embeddable":true,"href":"https:\/\/amandairiarte.com\/index.php\/wp-json\/wp\/v2\/comments?post=8"}],"version-history":[{"count":32,"href":"https:\/\/amandairiarte.com\/index.php\/wp-json\/wp\/v2\/pages\/8\/revisions"}],"predecessor-version":[{"id":587,"href":"https:\/\/amandairiarte.com\/index.php\/wp-json\/wp\/v2\/pages\/8\/revisions\/587"}],"wp:featuredmedia":[{"embeddable":true,"href":"https:\/\/amandairiarte.com\/index.php\/wp-json\/wp\/v2\/media\/470"}],"wp:attachment":[{"href":"https:\/\/amandairiarte.com\/index.php\/wp-json\/wp\/v2\/media?parent=8"}],"curies":[{"name":"wp","href":"https:\/\/api.w.org\/{rel}","templated":true}]}}