{"id":9,"date":"2019-11-20T21:11:23","date_gmt":"2019-11-20T20:11:23","guid":{"rendered":"http:\/\/amandairiarte.com\/?page_id=9"},"modified":"2024-09-29T22:49:58","modified_gmt":"2024-09-29T20:49:58","slug":"champs-dintervention","status":"publish","type":"page","link":"https:\/\/amandairiarte.com\/index.php\/accueil\/champs-dintervention\/","title":{"rendered":"Champs d&rsquo;interven"},"content":{"rendered":"\n<p class=\"has-vivid-cyan-blue-color has-text-color has-medium-font-size\"><strong>Ateliers th\u00e9\u00e2tre \u00ab\u00a0Jeux et Impros\u00a0\u00bb pour tous :<\/strong> (pour plus d&rsquo;infos voir le volet Ateliers et Stages)<\/p>\n\n\n\n<ul id=\"block-068e57e5-df2d-41b4-a057-d95274e8a187\"><li>Ateliers bimensuels, o\u00f9 l&rsquo;invitation est de se d\u00e9passer en exp\u00e9rimentant les techniques th\u00e9\u00e2trales autour du corps, voix, souffle, espace, jeux et improvisations, tout en s&rsquo;amusant dans un cadre bienveillant et s\u00e9curisant. Aucun pr\u00e9requis.<\/li><li>Ateliers pour les jeunes de 17 \u00e0 25 ans pour une meilleure prise de parole en public, pour la pr\u00e9paration des oraux ou entretiens d&#8217;embauches.<\/li><\/ul>\n\n\n\n<p class=\"has-vivid-cyan-blue-color has-text-color has-medium-font-size\"><strong>Dans les structures \u00e0 caract\u00e8re m\u00e9dico-socio\u00e9ducatif :<\/strong><\/p>\n\n\n\n<ul><li>Permettre aux diff\u00e9rents publics (Toute personne rencontrant des difficult\u00e9s sociales, physiques, psychiques, etc&#8230;) d&rsquo;ouvrir leur champ de possibles, sortir des stigmatisations, rep\u00e9rer leurs freins, limites et croyances afin de les d\u00e9passer, cr\u00e9er du lien et mobiliser l&rsquo;\u00e9nergie n\u00e9cessaire en vue de r\u00e9impulser des projets.<\/li><\/ul>\n\n\n\n<h2 class=\"has-vivid-cyan-blue-color has-text-color has-medium-font-size\"><strong>Pour les scolaires (du primaire au lyc\u00e9e)&nbsp;:<\/strong><\/h2>\n\n\n\n<ul><li>Contribuer \u00e0 la r\u00e9ussite scolaire en d\u00e9veloppant le pouvoir cr\u00e9ateur des \u00e9l\u00e8ves, en les accompagnant dans une d\u00e9marche de savoir-\u00eatre, savoir-faire et savoir vivre ensemble, en les pla\u00e7ant comme sujet capable d\u2019apprendre et r\u00e9ussir, enrichir leur culture, explorer leur imaginaire et d\u00e9velopper leur r\u00e9flexion.<\/li><\/ul>\n\n\n\n<figure class=\"wp-block-gallery columns-1 is-cropped\"><ul class=\"blocks-gallery-grid\"><li class=\"blocks-gallery-item\"><figure><img loading=\"lazy\" width=\"1024\" height=\"683\" src=\"http:\/\/amandairiarte.com\/wp-content\/uploads\/2023\/10\/IMG_6959-1024x683.jpg\" alt=\"\" data-id=\"445\" data-full-url=\"http:\/\/amandairiarte.com\/wp-content\/uploads\/2023\/10\/IMG_6959-scaled.jpg\" data-link=\"http:\/\/amandairiarte.com\/index.php\/accueil\/champs-dintervention\/img_6959\/\" class=\"wp-image-445\" srcset=\"https:\/\/amandairiarte.com\/wp-content\/uploads\/2023\/10\/IMG_6959-1024x683.jpg 1024w, https:\/\/amandairiarte.com\/wp-content\/uploads\/2023\/10\/IMG_6959-300x200.jpg 300w, https:\/\/amandairiarte.com\/wp-content\/uploads\/2023\/10\/IMG_6959-768x512.jpg 768w, https:\/\/amandairiarte.com\/wp-content\/uploads\/2023\/10\/IMG_6959-1536x1024.jpg 1536w, https:\/\/amandairiarte.com\/wp-content\/uploads\/2023\/10\/IMG_6959-2048x1365.jpg 2048w\" sizes=\"(max-width: 767px) 89vw, (max-width: 1000px) 54vw, (max-width: 1071px) 543px, 580px\" \/><\/figure><\/li><\/ul><\/figure>\n\n\n\n<h2 class=\"has-vivid-cyan-blue-color has-text-color has-medium-font-size\"><strong>Au sein des entreprises :<\/strong><\/h2>\n\n\n\n<ul><li>D\u00e9velopper de nouvelles comp\u00e9tences chez les salari\u00e9s tant sur le plan cognitif que relationnel et de r\u00e9pondre au mieux aux enjeux strat\u00e9giques de l\u2019entreprise, d\u00e9velopper l\u2019efficience, la cr\u00e9ativit\u00e9, favoriser le bien-\u00eatre au travail, la coh\u00e9sion entre salari\u00e9s, g\u00e9rer les situations de conflits et de changement.<\/li><\/ul>\n\n\n\n<h2 class=\"has-vivid-cyan-blue-color has-text-color has-medium-font-size\"><strong>En s\u00e9ances individuelles&nbsp;:<\/strong><\/h2>\n\n\n\n<ul><li>Pr\u00e9paration technique bas\u00e9e sur un th\u00e9\u00e2tre r\u00e9el, organique en partant d\u2019un travail sur le corps, le souffle, la voix, ax\u00e9e sur le d\u00e9veloppement de l\u2019estime et la confiance en soi.<\/li><\/ul>\n\n\n\n<ul><li><\/li><\/ul>\n\n\n\n<p><\/p>\n","protected":false},"excerpt":{"rendered":"<p>Ateliers th\u00e9\u00e2tre \u00ab\u00a0Jeux et Impros\u00a0\u00bb pour tous : (pour plus d&rsquo;infos voir le volet Ateliers et Stages) Ateliers bimensuels, o\u00f9 l&rsquo;invitation est de se d\u00e9passer en exp\u00e9rimentant les techniques th\u00e9\u00e2trales autour du corps, voix, souffle, espace, jeux et improvisations, tout en s&rsquo;amusant dans un cadre bienveillant et s\u00e9curisant. Aucun pr\u00e9requis. Ateliers pour les jeunes de &hellip; <\/p>\n<p class=\"link-more\"><a href=\"https:\/\/amandairiarte.com\/index.php\/accueil\/champs-dintervention\/\" class=\"more-link\">Continuer la lecture<span class=\"screen-reader-text\"> de &laquo;&nbsp;Champs d&rsquo;interven&nbsp;&raquo;<\/span><\/a><\/p>\n","protected":false},"author":1,"featured_media":443,"parent":8,"menu_order":0,"comment_status":"closed","ping_status":"closed","template":"","meta":{"_monsterinsights_skip_tracking":false,"_monsterinsights_sitenote_active":false,"_monsterinsights_sitenote_note":"","_monsterinsights_sitenote_category":0},"_links":{"self":[{"href":"https:\/\/amandairiarte.com\/index.php\/wp-json\/wp\/v2\/pages\/9"}],"collection":[{"href":"https:\/\/amandairiarte.com\/index.php\/wp-json\/wp\/v2\/pages"}],"about":[{"href":"https:\/\/amandairiarte.com\/index.php\/wp-json\/wp\/v2\/types\/page"}],"author":[{"embeddable":true,"href":"https:\/\/amandairiarte.com\/index.php\/wp-json\/wp\/v2\/users\/1"}],"replies":[{"embeddable":true,"href":"https:\/\/amandairiarte.com\/index.php\/wp-json\/wp\/v2\/comments?post=9"}],"version-history":[{"count":36,"href":"https:\/\/amandairiarte.com\/index.php\/wp-json\/wp\/v2\/pages\/9\/revisions"}],"predecessor-version":[{"id":590,"href":"https:\/\/amandairiarte.com\/index.php\/wp-json\/wp\/v2\/pages\/9\/revisions\/590"}],"up":[{"embeddable":true,"href":"https:\/\/amandairiarte.com\/index.php\/wp-json\/wp\/v2\/pages\/8"}],"wp:featuredmedia":[{"embeddable":true,"href":"https:\/\/amandairiarte.com\/index.php\/wp-json\/wp\/v2\/media\/443"}],"wp:attachment":[{"href":"https:\/\/amandairiarte.com\/index.php\/wp-json\/wp\/v2\/media?parent=9"}],"curies":[{"name":"wp","href":"https:\/\/api.w.org\/{rel}","templated":true}]}}